{"id":1592,"date":"2025-03-14T09:57:47","date_gmt":"2025-03-14T07:57:47","guid":{"rendered":"https:\/\/www.kavika.fi\/history\/"},"modified":"2025-03-27T14:15:13","modified_gmt":"2025-03-27T12:15:13","slug":"history","status":"publish","type":"page","link":"https:\/\/www.kavika.fi\/en\/history\/","title":{"rendered":"History"},"content":{"rendered":"\t\t<div data-elementor-type=\"wp-page\" data-elementor-id=\"1592\" class=\"elementor elementor-1592 elementor-1448\">\n\t\t\t\t<div class=\"elementor-element elementor-element-376c6d1 e-con-full e-flex e-con e-parent\" data-id=\"376c6d1\" data-element_type=\"container\" data-e-type=\"container\" data-settings=\"{&quot;background_background&quot;:&quot;classic&quot;}\">\n\t\t\t\t<div class=\"elementor-element elementor-element-c0d74a5 elementor-widget elementor-widget-heading\" data-id=\"c0d74a5\" data-element_type=\"widget\" data-e-type=\"widget\" data-widget_type=\"heading.default\">\n\t\t\t\t<div class=\"elementor-widget-container\">\n\t\t\t\t\t<h1 class=\"elementor-heading-title elementor-size-default\">The story of Kavika<span class=\"accent-color-b\">.<\/h1>\t\t\t\t<\/div>\n\t\t\t\t<\/div>\n\t\t\t\t<\/div>\n\t\t<div class=\"elementor-element elementor-element-2d8ba92 e-flex e-con-boxed e-con e-parent\" data-id=\"2d8ba92\" data-element_type=\"container\" data-e-type=\"container\">\n\t\t\t\t\t<div class=\"e-con-inner\">\n\t\t<div class=\"elementor-element elementor-element-15205d3 e-con-full e-flex e-con e-child\" data-id=\"15205d3\" data-element_type=\"container\" data-e-type=\"container\">\n\t\t\t\t<div class=\"elementor-element elementor-element-97b95fa elementor-widget elementor-widget-heading\" data-id=\"97b95fa\" data-element_type=\"widget\" data-e-type=\"widget\" data-widget_type=\"heading.default\">\n\t\t\t\t<div class=\"elementor-widget-container\">\n\t\t\t\t\t<h3 class=\"elementor-heading-title elementor-size-default\">Founders Kallio, Virtanen and Kavonius<\/h3>\t\t\t\t<\/div>\n\t\t\t\t<\/div>\n\t\t\t\t<div class=\"elementor-element elementor-element-d66da0f elementor-widget elementor-widget-text-editor\" data-id=\"d66da0f\" data-element_type=\"widget\" data-e-type=\"widget\" data-widget_type=\"text-editor.default\">\n\t\t\t\t<div class=\"elementor-widget-container\">\n\t\t\t\t\t\t\t\t\t<p><span class=\"break-words tvm-parent-container\"><span dir=\"ltr\">In May 1945, during the post-war reconstruction period, Kallio, Virtanen and Kavonius founded Kavika. With materials scarce, the entrepreneurs made household essentials such as milk buckets, candlesticks and children&#8217;s bobble guns from scrap tin. <\/span><\/span><\/p>\n<p>In the 1950s, stainless steel arrived in Finland, and Kavika was among the first to produce household sink units. From the very beginning, production focused on customized solutions, which still guides our activities today. Today, stainless steel bends into many forms for us, such as professional kitchen furniture, sinks and buffet lines &#8211; always according to our customers&#8217; needs.  <\/p>\n\t\t\t\t\t\t\t\t<\/div>\n\t\t\t\t<\/div>\n\t\t\t\t<\/div>\n\t\t<div class=\"elementor-element elementor-element-ffc7778 e-con-full e-flex e-con e-child\" data-id=\"ffc7778\" data-element_type=\"container\" data-e-type=\"container\">\n\t\t\t\t<div class=\"elementor-element elementor-element-eb240b0 image-border-blue-small elementor-widget elementor-widget-image\" data-id=\"eb240b0\" data-element_type=\"widget\" data-e-type=\"widget\" data-widget_type=\"image.default\">\n\t\t\t\t<div class=\"elementor-widget-container\">\n\t\t\t\t\t\t\t\t\t\t\t\t\t\t\t<img fetchpriority=\"high\" decoding=\"async\" width=\"1000\" height=\"800\" src=\"https:\/\/www.kavika.fi\/wp-content\/uploads\/2025\/02\/Kavika-historia-1.jpg\" class=\"attachment-full size-full wp-image-406\" alt=\"Kavika-historia-1\" srcset=\"https:\/\/www.kavika.fi\/wp-content\/uploads\/2025\/02\/Kavika-historia-1.jpg 1000w, https:\/\/www.kavika.fi\/wp-content\/uploads\/2025\/02\/Kavika-historia-1-300x240.jpg 300w, https:\/\/www.kavika.fi\/wp-content\/uploads\/2025\/02\/Kavika-historia-1-768x614.jpg 768w, https:\/\/www.kavika.fi\/wp-content\/uploads\/2025\/02\/Kavika-historia-1-600x480.jpg 600w, https:\/\/www.kavika.fi\/wp-content\/uploads\/2025\/02\/Kavika-historia-1-64x51.jpg 64w, https:\/\/www.kavika.fi\/wp-content\/uploads\/2025\/02\/elementor\/thumbs\/Kavika-historia-1-r123t2xdvfsau2o1qyvrxv93spsh8eb3p546eqoy3k.jpg 500w\" sizes=\"(max-width: 1000px) 100vw, 1000px\" \/>\t\t\t\t\t\t\t\t\t\t\t\t\t\t\t<\/div>\n\t\t\t\t<\/div>\n\t\t\t\t<\/div>\n\t\t\t\t\t<\/div>\n\t\t\t\t<\/div>\n\t\t<div class=\"elementor-element elementor-element-4dea524 e-flex e-con-boxed e-con e-parent\" data-id=\"4dea524\" data-element_type=\"container\" data-e-type=\"container\">\n\t\t\t\t\t<div class=\"e-con-inner\">\n\t\t<div class=\"elementor-element elementor-element-c87b4db e-con-full e-flex e-con e-child\" data-id=\"c87b4db\" data-element_type=\"container\" data-e-type=\"container\">\n\t\t\t\t<div class=\"elementor-element elementor-element-d0a37f6 elementor-widget elementor-widget-heading\" data-id=\"d0a37f6\" data-element_type=\"widget\" data-e-type=\"widget\" data-widget_type=\"heading.default\">\n\t\t\t\t<div class=\"elementor-widget-container\">\n\t\t\t\t\t<h3 class=\"elementor-heading-title elementor-size-default\">Founders Kallio, Virtanen and Kavonius<\/h3>\t\t\t\t<\/div>\n\t\t\t\t<\/div>\n\t\t\t\t<div class=\"elementor-element elementor-element-5a926fd elementor-widget elementor-widget-text-editor\" data-id=\"5a926fd\" data-element_type=\"widget\" data-e-type=\"widget\" data-widget_type=\"text-editor.default\">\n\t\t\t\t<div class=\"elementor-widget-container\">\n\t\t\t\t\t\t\t\t\t<p>During the reconstruction of war-torn Finland, in May 1945, three entrepreneurs founded Kavika. Materials did not amount to much at that time, but sheet metal waste, tinplate and black sheet metal were used to produce important household commodities, such as milk buckets and candlesticks, as well as cap guns for children. <\/p>\n<p>In the early 50s, stainless steel was brought to Finland and Kavika delivered the first kitchen sinks to households. As a technical virtuoso, Kallio developed his own tools for production, such as his own traction devices for sinks. However, the owners decided to focus on tailoring products instead of mass manufacturing.  <\/p>\n\t\t\t\t\t\t\t\t<\/div>\n\t\t\t\t<\/div>\n\t\t\t\t<div class=\"elementor-element elementor-element-cfa6725 image-border-blue-small elementor-widget elementor-widget-image\" data-id=\"cfa6725\" data-element_type=\"widget\" data-e-type=\"widget\" data-widget_type=\"image.default\">\n\t\t\t\t<div class=\"elementor-widget-container\">\n\t\t\t\t\t\t\t\t\t\t\t\t\t\t\t<img fetchpriority=\"high\" decoding=\"async\" width=\"1000\" height=\"800\" src=\"https:\/\/www.kavika.fi\/wp-content\/uploads\/2025\/02\/Kavika-historia-1.jpg\" class=\"attachment-full size-full wp-image-406\" alt=\"Kavika-historia-1\" srcset=\"https:\/\/www.kavika.fi\/wp-content\/uploads\/2025\/02\/Kavika-historia-1.jpg 1000w, https:\/\/www.kavika.fi\/wp-content\/uploads\/2025\/02\/Kavika-historia-1-300x240.jpg 300w, https:\/\/www.kavika.fi\/wp-content\/uploads\/2025\/02\/Kavika-historia-1-768x614.jpg 768w, https:\/\/www.kavika.fi\/wp-content\/uploads\/2025\/02\/Kavika-historia-1-600x480.jpg 600w, https:\/\/www.kavika.fi\/wp-content\/uploads\/2025\/02\/Kavika-historia-1-64x51.jpg 64w, https:\/\/www.kavika.fi\/wp-content\/uploads\/2025\/02\/elementor\/thumbs\/Kavika-historia-1-r123t2xdvfsau2o1qyvrxv93spsh8eb3p546eqoy3k.jpg 500w\" sizes=\"(max-width: 1000px) 100vw, 1000px\" \/>\t\t\t\t\t\t\t\t\t\t\t\t\t\t\t<\/div>\n\t\t\t\t<\/div>\n\t\t\t\t<\/div>\n\t\t<div class=\"elementor-element elementor-element-ea558ff e-con-full e-flex e-con e-child\" data-id=\"ea558ff\" data-element_type=\"container\" data-e-type=\"container\">\n\t\t\t\t<div class=\"elementor-element elementor-element-de638f3 image-border-blue-small elementor-widget elementor-widget-image\" data-id=\"de638f3\" data-element_type=\"widget\" data-e-type=\"widget\" data-widget_type=\"image.default\">\n\t\t\t\t<div class=\"elementor-widget-container\">\n\t\t\t\t\t\t\t\t\t\t\t\t\t\t\t<img decoding=\"async\" width=\"1000\" height=\"800\" src=\"https:\/\/www.kavika.fi\/wp-content\/uploads\/2025\/02\/Kavika-historia-2.jpg\" class=\"attachment-full size-full wp-image-408\" alt=\"Kavika-historia\" srcset=\"https:\/\/www.kavika.fi\/wp-content\/uploads\/2025\/02\/Kavika-historia-2.jpg 1000w, https:\/\/www.kavika.fi\/wp-content\/uploads\/2025\/02\/Kavika-historia-2-300x240.jpg 300w, https:\/\/www.kavika.fi\/wp-content\/uploads\/2025\/02\/Kavika-historia-2-768x614.jpg 768w, https:\/\/www.kavika.fi\/wp-content\/uploads\/2025\/02\/Kavika-historia-2-600x480.jpg 600w, https:\/\/www.kavika.fi\/wp-content\/uploads\/2025\/02\/Kavika-historia-2-64x51.jpg 64w\" sizes=\"(max-width: 1000px) 100vw, 1000px\" \/>\t\t\t\t\t\t\t\t\t\t\t\t\t\t\t<\/div>\n\t\t\t\t<\/div>\n\t\t\t\t<div class=\"elementor-element elementor-element-068fb5a elementor-widget elementor-widget-heading\" data-id=\"068fb5a\" data-element_type=\"widget\" data-e-type=\"widget\" data-widget_type=\"heading.default\">\n\t\t\t\t<div class=\"elementor-widget-container\">\n\t\t\t\t\t<h3 class=\"elementor-heading-title elementor-size-default\">Strong growth in public healthcare<\/h3>\t\t\t\t<\/div>\n\t\t\t\t<\/div>\n\t\t\t\t<div class=\"elementor-element elementor-element-bc171a4 elementor-widget elementor-widget-text-editor\" data-id=\"bc171a4\" data-element_type=\"widget\" data-e-type=\"widget\" data-widget_type=\"text-editor.default\">\n\t\t\t\t<div class=\"elementor-widget-container\">\n\t\t\t\t\t\t\t\t\t<p>In the 60s and 70s, Finland put intense effort in building public healthcare \u2013 hospitals and health centres. Kavonius listened attentively to customers\u2019 needs and, together with Kallio, developed products and production tools for this rapidly growing sector. During this period, contacts were established with all central hospitals, health centres and universities.  <\/p>\n\t\t\t\t\t\t\t\t<\/div>\n\t\t\t\t<\/div>\n\t\t\t\t<\/div>\n\t\t<div class=\"elementor-element elementor-element-9a17290 e-con-full e-flex e-con e-child\" data-id=\"9a17290\" data-element_type=\"container\" data-e-type=\"container\">\n\t\t\t\t<div class=\"elementor-element elementor-element-1b3ebb6 elementor-widget elementor-widget-heading\" data-id=\"1b3ebb6\" data-element_type=\"widget\" data-e-type=\"widget\" data-widget_type=\"heading.default\">\n\t\t\t\t<div class=\"elementor-widget-container\">\n\t\t\t\t\t<h3 class=\"elementor-heading-title elementor-size-default\">Helsinki shipyard<\/h3>\t\t\t\t<\/div>\n\t\t\t\t<\/div>\n\t\t\t\t<div class=\"elementor-element elementor-element-e8a71c0 elementor-widget elementor-widget-text-editor\" data-id=\"e8a71c0\" data-element_type=\"widget\" data-e-type=\"widget\" data-widget_type=\"text-editor.default\">\n\t\t\t\t<div class=\"elementor-widget-container\">\n\t\t\t\t\t\t\t\t\t<p>The 80s were a golden age. The Helsinki shipyard started with passenger ships and soon switched to cruise ships. The operating models, tailoring, material handling skills and strict quality criteria developed in response to the needs of the healthcare sector made Kavika its royal purveyor.   <\/p>\n<p>Kavika expanded, and in the early 90s, a new production hall was built at Linjatie in Vantaa. With effort, Kavika survived the recession and rose to new growth as shipbuilding picked up again. After record years, 2001 saw the collapse of the shipping market as the largest customer moved its purchases to Eastern Europe.  <\/p>\n\t\t\t\t\t\t\t\t<\/div>\n\t\t\t\t<\/div>\n\t\t\t\t<div class=\"elementor-element elementor-element-06ed627 image-border-blue-small elementor-widget elementor-widget-image\" data-id=\"06ed627\" data-element_type=\"widget\" data-e-type=\"widget\" data-widget_type=\"image.default\">\n\t\t\t\t<div class=\"elementor-widget-container\">\n\t\t\t\t\t\t\t\t\t\t\t\t\t\t\t<img decoding=\"async\" width=\"1000\" height=\"800\" src=\"https:\/\/www.kavika.fi\/wp-content\/uploads\/2025\/02\/Kavika-historia-3.jpg\" class=\"attachment-full size-full wp-image-410\" alt=\"Kavika-historia-3\" srcset=\"https:\/\/www.kavika.fi\/wp-content\/uploads\/2025\/02\/Kavika-historia-3.jpg 1000w, https:\/\/www.kavika.fi\/wp-content\/uploads\/2025\/02\/Kavika-historia-3-300x240.jpg 300w, https:\/\/www.kavika.fi\/wp-content\/uploads\/2025\/02\/Kavika-historia-3-768x614.jpg 768w, https:\/\/www.kavika.fi\/wp-content\/uploads\/2025\/02\/Kavika-historia-3-600x480.jpg 600w, https:\/\/www.kavika.fi\/wp-content\/uploads\/2025\/02\/Kavika-historia-3-64x51.jpg 64w\" sizes=\"(max-width: 1000px) 100vw, 1000px\" \/>\t\t\t\t\t\t\t\t\t\t\t\t\t\t\t<\/div>\n\t\t\t\t<\/div>\n\t\t\t\t<\/div>\n\t\t\t\t\t<\/div>\n\t\t\t\t<\/div>\n\t\t<div class=\"elementor-element elementor-element-e2b35db e-flex e-con-boxed e-con e-parent\" data-id=\"e2b35db\" data-element_type=\"container\" data-e-type=\"container\">\n\t\t\t\t\t<div class=\"e-con-inner\">\n\t\t<div class=\"elementor-element elementor-element-c799d9a e-con-full e-flex e-con e-child\" data-id=\"c799d9a\" data-element_type=\"container\" data-e-type=\"container\">\n\t\t\t\t<div class=\"elementor-element elementor-element-ba7ec49 elementor-widget elementor-widget-heading\" data-id=\"ba7ec49\" data-element_type=\"widget\" data-e-type=\"widget\" data-widget_type=\"heading.default\">\n\t\t\t\t<div class=\"elementor-widget-container\">\n\t\t\t\t\t<h3 class=\"elementor-heading-title elementor-size-default\">Change of entrepreneur family<\/h3>\t\t\t\t<\/div>\n\t\t\t\t<\/div>\n\t\t\t\t<div class=\"elementor-element elementor-element-75d6172 elementor-widget elementor-widget-text-editor\" data-id=\"75d6172\" data-element_type=\"widget\" data-e-type=\"widget\" data-widget_type=\"text-editor.default\">\n\t\t\t\t<div class=\"elementor-widget-container\">\n\t\t\t\t\t\t\t\t\t<p>In 2004, the owners began to age, and even though the business had grown well, it was time to make decisions. The company was acquired in 2007 by Jouni Lievonen. The plans of the well-growing company changed again when the world collapsed due to recession in 2009. The new owner steered the company through tough times, and in 2010, Kavika moved from Vantaa to J\u00e4rvenp\u00e4\u00e4.   <\/p>\n\t\t\t\t\t\t\t\t<\/div>\n\t\t\t\t<\/div>\n\t\t\t\t<\/div>\n\t\t<div class=\"elementor-element elementor-element-97426f1 e-con-full e-flex e-con e-child\" data-id=\"97426f1\" data-element_type=\"container\" data-e-type=\"container\">\n\t\t\t\t<div class=\"elementor-element elementor-element-6a70363 image-border-blue-small elementor-widget elementor-widget-image\" data-id=\"6a70363\" data-element_type=\"widget\" data-e-type=\"widget\" data-widget_type=\"image.default\">\n\t\t\t\t<div class=\"elementor-widget-container\">\n\t\t\t\t\t\t\t\t\t\t\t\t\t\t\t<img loading=\"lazy\" decoding=\"async\" width=\"1000\" height=\"800\" src=\"https:\/\/www.kavika.fi\/wp-content\/uploads\/2025\/02\/Kavika-historia-4.jpg\" class=\"attachment-full size-full wp-image-412\" alt=\"Kavika-historia\" srcset=\"https:\/\/www.kavika.fi\/wp-content\/uploads\/2025\/02\/Kavika-historia-4.jpg 1000w, https:\/\/www.kavika.fi\/wp-content\/uploads\/2025\/02\/Kavika-historia-4-300x240.jpg 300w, https:\/\/www.kavika.fi\/wp-content\/uploads\/2025\/02\/Kavika-historia-4-768x614.jpg 768w, https:\/\/www.kavika.fi\/wp-content\/uploads\/2025\/02\/Kavika-historia-4-600x480.jpg 600w, https:\/\/www.kavika.fi\/wp-content\/uploads\/2025\/02\/Kavika-historia-4-64x51.jpg 64w\" sizes=\"(max-width: 1000px) 100vw, 1000px\" \/>\t\t\t\t\t\t\t\t\t\t\t\t\t\t\t<\/div>\n\t\t\t\t<\/div>\n\t\t\t\t<\/div>\n\t\t\t\t\t<\/div>\n\t\t\t\t<\/div>\n\t\t<div class=\"elementor-element elementor-element-08c74e8 e-flex e-con-boxed e-con e-parent\" data-id=\"08c74e8\" data-element_type=\"container\" data-e-type=\"container\">\n\t\t\t\t\t<div class=\"e-con-inner\">\n\t\t<div class=\"elementor-element elementor-element-2ee6c7c e-con-full e-flex e-con e-child\" data-id=\"2ee6c7c\" data-element_type=\"container\" data-e-type=\"container\">\n\t\t\t\t<div class=\"elementor-element elementor-element-16084bb elementor-widget elementor-widget-heading\" data-id=\"16084bb\" data-element_type=\"widget\" data-e-type=\"widget\" data-widget_type=\"heading.default\">\n\t\t\t\t<div class=\"elementor-widget-container\">\n\t\t\t\t\t<h3 class=\"elementor-heading-title elementor-size-default\">Business expands and becomes more international<\/h3>\t\t\t\t<\/div>\n\t\t\t\t<\/div>\n\t\t\t\t<div class=\"elementor-element elementor-element-93597ae elementor-widget elementor-widget-text-editor\" data-id=\"93597ae\" data-element_type=\"widget\" data-e-type=\"widget\" data-widget_type=\"text-editor.default\">\n\t\t\t\t<div class=\"elementor-widget-container\">\n\t\t\t\t\t\t\t\t\t<p>The international cruise ship business grew in 2010\u20132020, albeit with fluctuations.<\/p>\n<p>The healthcare product range also expanded, and Kavika continued its tradition of close cooperation with customers. Before and after the 2020s, hospital construction grew strongly in Finland and the other Nordic countries. In addition to the domestic market, investments were made in exports, and the company won its first significant projects in the Nordic countries. The partner network expanded, and interesting new segments were opened in Norwegian shipyards that needed Kavika\u2019s kitchen and restaurant furniture and fixtures, and later laboratories, first aid stations and storage solutions.   <\/p>\n<p>Kavika\u2019s business expanded through acquisitions \u2013 <a href=\"https:\/\/www.kailin.fi\/\" target=\"_blank\" rel=\"noopener\">Kailin Oy<\/a> (2010), <a href=\"https:\/\/www.kurasyoppo.fi\/\" target=\"_blank\" rel=\"noopener\">Kurasy\u00f6pp\u00f6 business<\/a> (2010), Malmi Steel Oy (2016), <a href=\"https:\/\/www.stemet.fi\/\" target=\"_blank\" rel=\"noopener\">Stemet Oy<\/a> (2018), <a href=\"https:\/\/www.jvs-steel.fi\/\" target=\"_blank\" rel=\"noopener\">JVS Steel Oy<\/a> (2018).<\/p>\n<p><a href=\"https:\/\/kavikahealthcare.fi\/\" target=\"_blank\" rel=\"noopener\">Kavika HealthCare Oy<\/a> was founded in October 2021.<\/p>\n\t\t\t\t\t\t\t\t<\/div>\n\t\t\t\t<\/div>\n\t\t\t\t<\/div>\n\t\t<div class=\"elementor-element elementor-element-eb6e09c e-con-full e-flex e-con e-child\" data-id=\"eb6e09c\" data-element_type=\"container\" data-e-type=\"container\">\n\t\t\t\t<div class=\"elementor-element elementor-element-803227f image-border-blue-small elementor-widget elementor-widget-image\" data-id=\"803227f\" data-element_type=\"widget\" data-e-type=\"widget\" data-widget_type=\"image.default\">\n\t\t\t\t<div class=\"elementor-widget-container\">\n\t\t\t\t\t\t\t\t\t\t\t\t\t\t\t<img loading=\"lazy\" decoding=\"async\" width=\"1500\" height=\"1000\" src=\"https:\/\/www.kavika.fi\/wp-content\/uploads\/2025\/03\/tehdas_2.jpg\" class=\"attachment-full size-full wp-image-1465\" alt=\"Kavika tehdas\" srcset=\"https:\/\/www.kavika.fi\/wp-content\/uploads\/2025\/03\/tehdas_2.jpg 1500w, https:\/\/www.kavika.fi\/wp-content\/uploads\/2025\/03\/tehdas_2-300x200.jpg 300w, https:\/\/www.kavika.fi\/wp-content\/uploads\/2025\/03\/tehdas_2-1024x683.jpg 1024w, https:\/\/www.kavika.fi\/wp-content\/uploads\/2025\/03\/tehdas_2-768x512.jpg 768w, https:\/\/www.kavika.fi\/wp-content\/uploads\/2025\/03\/elementor\/thumbs\/tehdas_2-r2u936avdiv7uskr3z6078p6qe6q044uv0dg2uw7ts.jpg 600w, https:\/\/www.kavika.fi\/wp-content\/uploads\/2025\/03\/tehdas_2-64x43.jpg 64w\" sizes=\"(max-width: 1500px) 100vw, 1500px\" \/>\t\t\t\t\t\t\t\t\t\t\t\t\t\t\t<\/div>\n\t\t\t\t<\/div>\n\t\t\t\t<\/div>\n\t\t\t\t\t<\/div>\n\t\t\t\t<\/div>\n\t\t\t\t<\/div>\n\t\t","protected":false},"excerpt":{"rendered":"<p>The story of Kavika. Founders Kallio, Virtanen and Kavonius In May 1945, during the post-war reconstruction period, Kallio, Virtanen and [&hellip;]<\/p>\n","protected":false},"author":2,"featured_media":0,"parent":0,"menu_order":0,"comment_status":"closed","ping_status":"closed","template":"","meta":{"site-sidebar-layout":"no-sidebar","site-content-layout":"","ast-site-content-layout":"full-width-container","site-content-style":"default","site-sidebar-style":"default","ast-global-header-display":"","ast-banner-title-visibility":"","ast-main-header-display":"","ast-hfb-above-header-display":"","ast-hfb-below-header-display":"","ast-hfb-mobile-header-display":"","site-post-title":"disabled","ast-breadcrumbs-content":"","ast-featured-img":"disabled","footer-sml-layout":"","theme-transparent-header-meta":"","adv-header-id-meta":"","stick-header-meta":"","header-above-stick-meta":"","header-main-stick-meta":"","header-below-stick-meta":"","astra-migrate-meta-layouts":"default","ast-page-background-enabled":"default","ast-page-background-meta":{"desktop":{"background-color":"var(--ast-global-color-4)","background-image":"","background-repeat":"repeat","background-position":"center center","background-size":"auto","background-attachment":"scroll","background-type":"","background-media":"","overlay-type":"","overlay-color":"","overlay-opacity":"","overlay-gradient":""},"tablet":{"background-color":"","background-image":"","background-repeat":"repeat","background-position":"center center","background-size":"auto","background-attachment":"scroll","background-type":"","background-media":"","overlay-type":"","overlay-color":"","overlay-opacity":"","overlay-gradient":""},"mobile":{"background-color":"","background-image":"","background-repeat":"repeat","background-position":"center center","background-size":"auto","background-attachment":"scroll","background-type":"","background-media":"","overlay-type":"","overlay-color":"","overlay-opacity":"","overlay-gradient":""}},"ast-content-background-meta":{"desktop":{"background-color":"var(--ast-global-color-5)","background-image":"","background-repeat":"repeat","background-position":"center center","background-size":"auto","background-attachment":"scroll","background-type":"","background-media":"","overlay-type":"","overlay-color":"","overlay-opacity":"","overlay-gradient":""},"tablet":{"background-color":"var(--ast-global-color-5)","background-image":"","background-repeat":"repeat","background-position":"center center","background-size":"auto","background-attachment":"scroll","background-type":"","background-media":"","overlay-type":"","overlay-color":"","overlay-opacity":"","overlay-gradient":""},"mobile":{"background-color":"var(--ast-global-color-5)","background-image":"","background-repeat":"repeat","background-position":"center center","background-size":"auto","background-attachment":"scroll","background-type":"","background-media":"","overlay-type":"","overlay-color":"","overlay-opacity":"","overlay-gradient":""}},"footnotes":""},"class_list":["post-1592","page","type-page","status-publish","hentry"],"_links":{"self":[{"href":"https:\/\/www.kavika.fi\/en\/wp-json\/wp\/v2\/pages\/1592","targetHints":{"allow":["GET"]}}],"collection":[{"href":"https:\/\/www.kavika.fi\/en\/wp-json\/wp\/v2\/pages"}],"about":[{"href":"https:\/\/www.kavika.fi\/en\/wp-json\/wp\/v2\/types\/page"}],"author":[{"embeddable":true,"href":"https:\/\/www.kavika.fi\/en\/wp-json\/wp\/v2\/users\/2"}],"replies":[{"embeddable":true,"href":"https:\/\/www.kavika.fi\/en\/wp-json\/wp\/v2\/comments?post=1592"}],"version-history":[{"count":4,"href":"https:\/\/www.kavika.fi\/en\/wp-json\/wp\/v2\/pages\/1592\/revisions"}],"predecessor-version":[{"id":1817,"href":"https:\/\/www.kavika.fi\/en\/wp-json\/wp\/v2\/pages\/1592\/revisions\/1817"}],"wp:attachment":[{"href":"https:\/\/www.kavika.fi\/en\/wp-json\/wp\/v2\/media?parent=1592"}],"curies":[{"name":"wp","href":"https:\/\/api.w.org\/{rel}","templated":true}]}}